{"id":957,"date":"2025-01-31T16:47:37","date_gmt":"2025-01-31T16:47:37","guid":{"rendered":"https:\/\/happymums.org.uk\/register\/your-membership\/"},"modified":"2025-01-31T16:47:37","modified_gmt":"2025-01-31T16:47:37","slug":"your-membership","status":"publish","type":"page","link":"https:\/\/happymums.org.uk\/pl\/register\/your-membership\/","title":{"rendered":"Your Membership"},"content":{"rendered":"<form id=\"rcp_login_form\"  class=\"rcp_form\" method=\"POST\" action=\"https:\/\/happymums.org.uk\/pl\/wp-json\/wp\/v2\/pages\/957\/\" data-trp-original-action=\"https:\/\/happymums.org.uk\/pl\/wp-json\/wp\/v2\/pages\/957\/\">\n\n\t\t\n\t\t<fieldset class=\"rcp_login_data\">\n\t\t\t<p>\n\t\t\t\t<label for=\"rcp_user_login\">Username or Email<\/label>\n\t\t\t\t<input name=\"rcp_user_login\" id=\"rcp_user_login\" class=\"required\" type=\"text\"\/>\n\t\t\t<\/p>\n\t\t\t<p>\n\t\t\t\t<label for=\"rcp_user_pass\">Has\u0142o<\/label>\n\t\t\t\t<input name=\"rcp_user_pass\" id=\"rcp_user_pass\" class=\"required\" type=\"password\"\/>\n\t\t\t<\/p>\n\t\t\t\t\t\t<p>\n\t\t\t\t<input type=\"checkbox\" name=\"rcp_user_remember\" id=\"rcp_user_remember\" value=\"1\"\/>\n\t\t\t\t<label for=\"rcp_user_remember\">Remember me<\/label>\n\t\t\t<\/p>\n\t\t\t<p class=\"rcp_lost_password\"><a href=\"\/pl\/wp-json\/wp\/v2\/pages\/957?rcp_action=lostpassword\">Zapomnia\u0142e\u015b has\u0142a?<\/a><\/p>\n\t\t\t<p>\n\t\t\t\t<input type=\"hidden\" name=\"rcp_action\" value=\"login\"\/>\n\t\t\t\t\t\t\t\t\t<input type=\"hidden\" name=\"rcp_redirect\" value=\"https:\/\/happymums.org.uk\/pl\/wp-json\/wp\/v2\/pages\/957\/\"\/>\n\t\t\t\t\t\t\t\t<input type=\"hidden\" name=\"rcp_login_nonce\" value=\"7aed4bd064\"\/>\n\t\t\t\t<input id=\"rcp_login_submit\" class=\"rcp-button\" type=\"submit\" value=\"Login\"\/>\n\t\t\t<\/p>\n\t\t\t\t\t<\/fieldset>\n\n\t\t\n\t<input type=\"hidden\" name=\"trp-form-language\" value=\"pl\"\/><\/form>","protected":false},"excerpt":{"rendered":"","protected":false},"author":1,"featured_media":0,"parent":955,"menu_order":0,"comment_status":"closed","ping_status":"closed","template":"","meta":{"_et_pb_use_builder":"","_et_pb_old_content":"","_et_gb_content_width":"","footnotes":""},"class_list":["post-957","page","type-page","status-publish","hentry"],"jetpack_sharing_enabled":true,"_links":{"self":[{"href":"https:\/\/happymums.org.uk\/pl\/wp-json\/wp\/v2\/pages\/957","targetHints":{"allow":["GET"]}}],"collection":[{"href":"https:\/\/happymums.org.uk\/pl\/wp-json\/wp\/v2\/pages"}],"about":[{"href":"https:\/\/happymums.org.uk\/pl\/wp-json\/wp\/v2\/types\/page"}],"author":[{"embeddable":true,"href":"https:\/\/happymums.org.uk\/pl\/wp-json\/wp\/v2\/users\/1"}],"replies":[{"embeddable":true,"href":"https:\/\/happymums.org.uk\/pl\/wp-json\/wp\/v2\/comments?post=957"}],"version-history":[{"count":0,"href":"https:\/\/happymums.org.uk\/pl\/wp-json\/wp\/v2\/pages\/957\/revisions"}],"up":[{"embeddable":true,"href":"https:\/\/happymums.org.uk\/pl\/wp-json\/wp\/v2\/pages\/955"}],"wp:attachment":[{"href":"https:\/\/happymums.org.uk\/pl\/wp-json\/wp\/v2\/media?parent=957"}],"curies":[{"name":"wp","href":"https:\/\/api.w.org\/{rel}","templated":true}]}}